{"id":4,"date":"2016-05-04T01:53:02","date_gmt":"2016-05-04T01:53:02","guid":{"rendered":"http:\/\/castrox.com\/site\/es\/?page_id=4"},"modified":"2022-01-13T12:14:01","modified_gmt":"2022-01-13T12:14:01","slug":"quien-soy","status":"publish","type":"page","link":"https:\/\/castrox.com\/es\/","title":{"rendered":"Quien soy&#8230;"},"content":{"rendered":"<p><img loading=\"lazy\" decoding=\"async\" class=\"alignnone  wp-image-488\" src=\"https:\/\/castrox.com\/es\/wp-content\/uploads\/sites\/2\/2022\/01\/blue-island-1000x333-1-300x100.jpg\" alt=\"\" width=\"1023\" height=\"341\" srcset=\"https:\/\/castrox.com\/es\/wp-content\/uploads\/sites\/2\/2022\/01\/blue-island-1000x333-1-300x100.jpg 300w, https:\/\/castrox.com\/es\/wp-content\/uploads\/sites\/2\/2022\/01\/blue-island-1000x333-1-768x256.jpg 768w, https:\/\/castrox.com\/es\/wp-content\/uploads\/sites\/2\/2022\/01\/blue-island-1000x333-1.jpg 1000w\" sizes=\"auto, (max-width: 1023px) 100vw, 1023px\" \/><\/p>\n<p style=\"text-align: justify;\">Soy consultor gerencial y de sistemas de informaci\u00f3n con un conocimiento profundo de soluciones de alto perfil para peque\u00f1as y medianas empresas, que pueden ir desde minoristas hasta fabricantes. Algunas veces los presidentes\/due\u00f1os de empresas me han llamado su\u00a0<em>coach<\/em>\u00a0personal, aunque estoy muy lejos de serlo.<\/p>\n<p style=\"text-align: left;\"><strong>Para los que enfrentan problemas tecnol\u00f3gicos:<\/strong><\/p>\n<p style=\"text-align: justify;\">Dado que\u00a0solo me enfoco en las soluciones, no prefiero una tecnolog\u00eda especifica sobre otra; simplemente uso la que mejor se adapte a mi cliente y resuelva los problemas que pueda estar enfrentando en ese momento,\u00a0de forma\u00a0eficiente y expedita. Me encanta Microsoft y Linux, as\u00ed\u00a0como las soluciones propietarias o de c\u00f3digo abierto. No evangelizo sobre la tecnolog\u00eda en general. \u00abPromiscuidad\u00bb es el sustantivo \u00a0que m\u00e1s se acerca a mis preferencias por el software o hardware. Escribir\u00e9 algunas l\u00edneas de c\u00f3digo\u00a0<strong>solo<\/strong>\u00a0si soy el \u00faltimo recurso, pero no programo en general.<\/p>\n<p style=\"text-align: left;\"><strong>Para los que\u00a0enfrentan problemas gerenciales:<\/strong><\/p>\n<p style=\"text-align: justify;\">Con mi entrenamiento formal en teor\u00eda general de sistemas, tomar\u00e9 una vista a\u00e9rea e integral de su empresa para ver cu\u00e1les son las \u00e1reas que necesitan atenci\u00f3n con m\u00e1s urgencia. \u00a0Mi experiencia me dice que\u00a0la mayor\u00eda de los problemas son causados por la gente, comunes y gentiles por igual. Si es necesario, le sugerir\u00e9 que\u00a0se despida\u00a0a s\u00ed mismo. Usted no puede contratarme para que le vea como un dios intocable, porque usted\u00a0bien podr\u00eda ser uno de los demonios que est\u00e1n creando su infierno corporativo. Me han visto pedirles a los accionistas que se mantengan alejados de sus empresas. Lo han hecho y los problemas se han resuelto. Empodero a perdedores para convertirlos en ganadores. Soy un amante corporativo: no me caso con una empresa especifica (\u00a1pero el dinero habla!)<\/p>\n<p style=\"text-align: left;\"><strong>Yo, sin verbos.<\/strong><\/p>\n<p style=\"text-align: justify;\">Venezolano. Tres hermosos hijos. Una muy amplia educaci\u00f3n universitaria. Vaqueros (jeans) y camisas sueltas, de esmoquin a petici\u00f3n. Estrictamente monote\u00edsta, pero respetuoso de todas las creencias. Bill, Ken y Dennis, mis h\u00e9roes tecnol\u00f3gicos. Deming, la inspiraci\u00f3n en la calidad. UNIX\u00ae el ambiente nativo, Windows el adoptado. N\u00fameros, en casi todo; palabras para lo dem\u00e1s. Apasionado por la gente. Instagram sobre Twitter (m\u00e1s o menos). Casi siempre en el medio, nunca en los extremos. Ajedrez, matem\u00e1tica, f\u00fatbol, escultismo, fotograf\u00eda, gente. <strong>Loco, creativo, diferente.<\/strong><\/p>\n","protected":false},"excerpt":{"rendered":"<p>Soy consultor gerencial y de sistemas de informaci\u00f3n con un conocimiento profundo de soluciones de alto perfil para peque\u00f1as y medianas empresas, que pueden ir desde minoristas hasta fabricantes. Algunas veces los presidentes\/due\u00f1os de empresas me han llamado su\u00a0coach\u00a0personal, aunque estoy muy lejos de serlo. Para los que enfrentan problemas tecnol\u00f3gicos: Dado que\u00a0solo me enfoco [&hellip;]<\/p>\n","protected":false},"author":1,"featured_media":0,"parent":0,"menu_order":0,"comment_status":"closed","ping_status":"closed","template":"","meta":{"site-sidebar-layout":"default","site-content-layout":"default","ast-site-content-layout":"default","site-content-style":"default","site-sidebar-style":"default","ast-global-header-display":"","ast-banner-title-visibility":"","ast-main-header-display":"","ast-hfb-above-header-display":"","ast-hfb-below-header-display":"","ast-hfb-mobile-header-display":"","site-post-title":"disabled","ast-breadcrumbs-content":"","ast-featured-img":"","footer-sml-layout":"","ast-disable-related-posts":"","theme-transparent-header-meta":"default","adv-header-id-meta":"","stick-header-meta":"","header-above-stick-meta":"","header-main-stick-meta":"","header-below-stick-meta":"","astra-migrate-meta-layouts":"default","ast-page-background-enabled":"default","ast-page-background-meta":{"desktop":{"background-color":"","background-image":"","background-repeat":"repeat","background-position":"center center","background-size":"auto","background-attachment":"scroll","background-type":"","background-media":"","overlay-type":"","overlay-color":"","overlay-opacity":"","overlay-gradient":""},"tablet":{"background-color":"","background-image":"","background-repeat":"repeat","background-position":"center center","background-size":"auto","background-attachment":"scroll","background-type":"","background-media":"","overlay-type":"","overlay-color":"","overlay-opacity":"","overlay-gradient":""},"mobile":{"background-color":"","background-image":"","background-repeat":"repeat","background-position":"center center","background-size":"auto","background-attachment":"scroll","background-type":"","background-media":"","overlay-type":"","overlay-color":"","overlay-opacity":"","overlay-gradient":""}},"ast-content-background-meta":{"desktop":{"background-color":"var(--ast-global-color-5)","background-image":"","background-repeat":"repeat","background-position":"center center","background-size":"auto","background-attachment":"scroll","background-type":"","background-media":"","overlay-type":"","overlay-color":"","overlay-opacity":"","overlay-gradient":""},"tablet":{"background-color":"var(--ast-global-color-5)","background-image":"","background-repeat":"repeat","background-position":"center center","background-size":"auto","background-attachment":"scroll","background-type":"","background-media":"","overlay-type":"","overlay-color":"","overlay-opacity":"","overlay-gradient":""},"mobile":{"background-color":"var(--ast-global-color-5)","background-image":"","background-repeat":"repeat","background-position":"center center","background-size":"auto","background-attachment":"scroll","background-type":"","background-media":"","overlay-type":"","overlay-color":"","overlay-opacity":"","overlay-gradient":""}},"footnotes":""},"class_list":["post-4","page","type-page","status-publish","hentry"],"_links":{"self":[{"href":"https:\/\/castrox.com\/es\/wp-json\/wp\/v2\/pages\/4","targetHints":{"allow":["GET"]}}],"collection":[{"href":"https:\/\/castrox.com\/es\/wp-json\/wp\/v2\/pages"}],"about":[{"href":"https:\/\/castrox.com\/es\/wp-json\/wp\/v2\/types\/page"}],"author":[{"embeddable":true,"href":"https:\/\/castrox.com\/es\/wp-json\/wp\/v2\/users\/1"}],"replies":[{"embeddable":true,"href":"https:\/\/castrox.com\/es\/wp-json\/wp\/v2\/comments?post=4"}],"version-history":[{"count":54,"href":"https:\/\/castrox.com\/es\/wp-json\/wp\/v2\/pages\/4\/revisions"}],"predecessor-version":[{"id":490,"href":"https:\/\/castrox.com\/es\/wp-json\/wp\/v2\/pages\/4\/revisions\/490"}],"wp:attachment":[{"href":"https:\/\/castrox.com\/es\/wp-json\/wp\/v2\/media?parent=4"}],"curies":[{"name":"wp","href":"https:\/\/api.w.org\/{rel}","templated":true}]}}